{"id":612,"date":"2021-03-26T10:04:13","date_gmt":"2021-03-26T10:04:13","guid":{"rendered":"http:\/\/localhost\/nuss\/?page_id=612"},"modified":"2024-10-05T04:24:35","modified_gmt":"2024-10-05T04:24:35","slug":"ristorante","status":"publish","type":"page","link":"https:\/\/chaulonghotel.com.vn\/it\/restaurant\/","title":{"rendered":"Ristorante"},"content":{"rendered":"<div data-elementor-type=\"wp-page\" data-elementor-id=\"612\" class=\"elementor elementor-612\">\n\t\t\t\t\t\t<section class=\"elementor-section elementor-top-section elementor-element elementor-element-e2effe8 elementor-section-boxed elementor-section-gap-beside-yes elementor-section-height-default elementor-section-height-default elementor-section-column-vertical-align-stretch\" data-id=\"e2effe8\" data-element_type=\"section\" data-e-type=\"section\">\n\t\t\t\t\t\t<div class=\"elementor-container elementor-column-gap-extended\">\n\t\t\t\t\t<div class=\"elementor-column elementor-col-100 elementor-top-column elementor-element elementor-element-e18f688\" data-id=\"e18f688\" data-element_type=\"column\" data-e-type=\"column\">\n\t\t\t<div class=\"elementor-widget-wrap elementor-element-populated\">\n\t\t\t\t\t\t<div class=\"elementor-element elementor-element-d3be973 elementor-widget elementor-widget-image\" data-id=\"d3be973\" data-element_type=\"widget\" data-e-type=\"widget\" data-widget_type=\"image.default\">\n\t\t\t\t<div class=\"elementor-widget-container\">\n\t\t\t\t\t\t\t\t\t\t\t\t\t\t\t<img fetchpriority=\"high\" decoding=\"async\" width=\"500\" height=\"500\" src=\"https:\/\/chaulonghotel.com.vn\/wp-content\/uploads\/2023\/11\/skyview-restaurant.png\" class=\"attachment-large size-large wp-image-5841\" alt=\"\" srcset=\"https:\/\/chaulonghotel.com.vn\/wp-content\/uploads\/2023\/11\/skyview-restaurant.png 500w, https:\/\/chaulonghotel.com.vn\/wp-content\/uploads\/2023\/11\/skyview-restaurant-300x300.png 300w, https:\/\/chaulonghotel.com.vn\/wp-content\/uploads\/2023\/11\/skyview-restaurant-150x150.png 150w\" sizes=\"(max-width: 500px) 100vw, 500px\" \/>\t\t\t\t\t\t\t\t\t\t\t\t\t\t\t<\/div>\n\t\t\t\t<\/div>\n\t\t\t\t<div class=\"elementor-element elementor-element-6db146d elementor-widget__width-initial elementor-invisible elementor-widget elementor-widget-text-editor\" data-id=\"6db146d\" data-element_type=\"widget\" data-e-type=\"widget\" data-settings=\"{&quot;_animation&quot;:&quot;nussFadeInUp&quot;}\" data-widget_type=\"text-editor.default\">\n\t\t\t\t<div class=\"elementor-widget-container\">\n\t\t\t\t\t\t\t\t\t<p>Sky View Restaurant &amp; Bar \u00e8 una lussuosa meta gastronomica situata sul tetto del Chau Long Hotel a Sapa, Vietnam. Il ristorante offre uno spazio unico in cui i commensali possono gustare deliziosi piatti della cucina vietnamita e occidentale, ammirando le spettacolari viste sulle montagne Hoang Lien Son e sulla valle di Muong Hoa.<\/p>\t\t\t\t\t\t\t\t<\/div>\n\t\t\t\t<\/div>\n\t\t\t\t<section class=\"elementor-section elementor-inner-section elementor-element elementor-element-d08fceb elementor-section-boxed elementor-section-gap-beside-yes elementor-section-height-default elementor-section-height-default elementor-section-content-align-center elementor-section-column-vertical-align-stretch\" data-id=\"d08fceb\" data-element_type=\"section\" data-e-type=\"section\">\n\t\t\t\t\t\t<div class=\"elementor-container elementor-column-gap-extended\">\n\t\t\t\t\t<div class=\"elementor-column elementor-col-33 elementor-inner-column elementor-element elementor-element-1e36eb4 elementor-invisible\" data-id=\"1e36eb4\" data-element_type=\"column\" data-e-type=\"column\" data-settings=\"{&quot;animation&quot;:&quot;nussFadeInUp&quot;}\">\n\t\t\t<div class=\"elementor-widget-wrap elementor-element-populated\">\n\t\t\t\t\t\t<div class=\"elementor-element elementor-element-1422adb elementor-widget elementor-widget-heading\" data-id=\"1422adb\" data-element_type=\"widget\" data-e-type=\"widget\" data-widget_type=\"heading.default\">\n\t\t\t\t<div class=\"elementor-widget-container\">\n\t\t\t\t\t<p class=\"elementor-heading-title elementor-size-default\">Date di apertura<\/p>\t\t\t\t<\/div>\n\t\t\t\t<\/div>\n\t\t\t\t<div class=\"elementor-element elementor-element-e2e67bd elementor-widget elementor-widget-text-editor\" data-id=\"e2e67bd\" data-element_type=\"widget\" data-e-type=\"widget\" data-widget_type=\"text-editor.default\">\n\t\t\t\t<div class=\"elementor-widget-container\">\n\t\t\t\t\t\t\t\t\t<p>Luned\u00ec \u2013 Domenica<\/p>\t\t\t\t\t\t\t\t<\/div>\n\t\t\t\t<\/div>\n\t\t\t\t\t<\/div>\n\t\t<\/div>\n\t\t\t\t<div class=\"elementor-column elementor-col-33 elementor-inner-column elementor-element elementor-element-8d103af elementor-invisible\" data-id=\"8d103af\" data-element_type=\"column\" data-e-type=\"column\" data-settings=\"{&quot;animation&quot;:&quot;nussFadeInUp&quot;}\">\n\t\t\t<div class=\"elementor-widget-wrap elementor-element-populated\">\n\t\t\t\t\t\t<div class=\"elementor-element elementor-element-8befa1c elementor-widget elementor-widget-heading\" data-id=\"8befa1c\" data-element_type=\"widget\" data-e-type=\"widget\" data-widget_type=\"heading.default\">\n\t\t\t\t<div class=\"elementor-widget-container\">\n\t\t\t\t\t<p class=\"elementor-heading-title elementor-size-default\">Orari di apertura<\/p>\t\t\t\t<\/div>\n\t\t\t\t<\/div>\n\t\t\t\t<div class=\"elementor-element elementor-element-014b340 elementor-widget elementor-widget-text-editor\" data-id=\"014b340\" data-element_type=\"widget\" data-e-type=\"widget\" data-widget_type=\"text-editor.default\">\n\t\t\t\t<div class=\"elementor-widget-container\">\n\t\t\t\t\t\t\t\t\t<p>06:00 \u2013 22:00<\/p>\t\t\t\t\t\t\t\t<\/div>\n\t\t\t\t<\/div>\n\t\t\t\t\t<\/div>\n\t\t<\/div>\n\t\t\t\t<div class=\"elementor-column elementor-col-33 elementor-inner-column elementor-element elementor-element-810ea81 elementor-invisible\" data-id=\"810ea81\" data-element_type=\"column\" data-e-type=\"column\" data-settings=\"{&quot;animation&quot;:&quot;nussFadeInUp&quot;}\">\n\t\t\t<div class=\"elementor-widget-wrap elementor-element-populated\">\n\t\t\t\t\t\t<div class=\"elementor-element elementor-element-29811b5 elementor-widget elementor-widget-heading\" data-id=\"29811b5\" data-element_type=\"widget\" data-e-type=\"widget\" data-widget_type=\"heading.default\">\n\t\t\t\t<div class=\"elementor-widget-container\">\n\t\t\t\t\t<p class=\"elementor-heading-title elementor-size-default\">Fascia di prezzo<\/p>\t\t\t\t<\/div>\n\t\t\t\t<\/div>\n\t\t\t\t<div class=\"elementor-element elementor-element-555139f elementor-widget elementor-widget-text-editor\" data-id=\"555139f\" data-element_type=\"widget\" data-e-type=\"widget\" data-widget_type=\"text-editor.default\">\n\t\t\t\t<div class=\"elementor-widget-container\">\n\t\t\t\t\t\t\t\t\t<p>$$- $$$<\/p>\t\t\t\t\t\t\t\t<\/div>\n\t\t\t\t<\/div>\n\t\t\t\t\t<\/div>\n\t\t<\/div>\n\t\t\t\t\t<\/div>\n\t\t<\/section>\n\t\t\t\t<div class=\"elementor-element elementor-element-07a903d elementor-align-center elementor-invisible elementor-widget elementor-widget-button\" data-id=\"07a903d\" data-element_type=\"widget\" data-e-type=\"widget\" data-settings=\"{&quot;_animation&quot;:&quot;nussFadeInUp&quot;}\" data-widget_type=\"button.default\">\n\t\t\t\t<div class=\"elementor-widget-container\">\n\t\t\t\t\t\t\t\t\t<div class=\"elementor-button-wrapper\">\n\t\t\t\t\t<a class=\"elementor-button elementor-button-link elementor-size-sm\" href=\"tel:(+84)%20214%203871%20245\">\n\t\t\t\t\t\t<span class=\"elementor-button-content-wrapper\">\n\t\t\t\t\t\t\t\t\t<span class=\"elementor-button-text\">Prenota un tavolo<\/span>\n\t\t\t\t\t<\/span>\n\t\t\t\t\t<\/a>\n\t\t\t\t<\/div>\n\t\t\t\t\t\t\t\t<\/div>\n\t\t\t\t<\/div>\n\t\t\t\t\t<\/div>\n\t\t<\/div>\n\t\t\t\t\t<\/div>\n\t\t<\/section>\n\t\t\t\t<section class=\"elementor-section elementor-top-section elementor-element elementor-element-efdaa11 elementor-section-boxed elementor-section-gap-beside-yes elementor-section-height-default elementor-section-height-default elementor-section-column-vertical-align-stretch\" data-id=\"efdaa11\" data-element_type=\"section\" data-e-type=\"section\">\n\t\t\t\t\t\t<div class=\"elementor-container elementor-column-gap-extended\">\n\t\t\t\t\t<div class=\"elementor-column elementor-col-100 elementor-top-column elementor-element elementor-element-3a1e86a\" data-id=\"3a1e86a\" data-element_type=\"column\" data-e-type=\"column\">\n\t\t\t<div class=\"elementor-widget-wrap elementor-element-populated\">\n\t\t\t\t\t\t<div class=\"elementor-element elementor-element-b50dde3 elementor-widget elementor-widget-gallery\" data-id=\"b50dde3\" data-element_type=\"widget\" data-e-type=\"widget\" data-widget_type=\"gallery.default\">\n\t\t\t\t<div class=\"elementor-widget-container\">\n\t\t\t\t\t \t\t\t\t<\/div>\n\t\t\t\t<\/div>\n\t\t\t\t\t<\/div>\n\t\t<\/div>\n\t\t\t\t\t<\/div>\n\t\t<\/section>\n\t\t\t\t<section class=\"elementor-section elementor-top-section elementor-element elementor-element-eaf51e7 elementor-section-boxed elementor-section-gap-beside-yes elementor-section-height-default elementor-section-height-default elementor-section-column-vertical-align-stretch\" data-id=\"eaf51e7\" data-element_type=\"section\" data-e-type=\"section\">\n\t\t\t\t\t\t<div class=\"elementor-container elementor-column-gap-extended\">\n\t\t\t\t\t<div class=\"elementor-column elementor-col-100 elementor-top-column elementor-element elementor-element-a6a1956\" data-id=\"a6a1956\" data-element_type=\"column\" data-e-type=\"column\">\n\t\t\t<div class=\"elementor-widget-wrap elementor-element-populated\">\n\t\t\t\t\t\t<div class=\"elementor-element elementor-element-d66a989 elementor-widget elementor-widget-text-editor\" data-id=\"d66a989\" data-element_type=\"widget\" data-e-type=\"widget\" data-widget_type=\"text-editor.default\">\n\t\t\t\t<div class=\"elementor-widget-container\">\n\t\t\t\t\t\t\t\t\t<p>Il men\u00f9 del ristorante comprende un&#039;ampia gamma di piatti come la zuppa vietnamita Thang Co, i noodle Bac Ha Sour, il pesce di fiume, il pesce salmone, la pizza italiana, la pasta, la costata australiana, il vino, il risotto, i ravioli, le lasagne, il pollo, gli antipasti e le bevande. Il ristorante \u00e8 aperto tutti i giorni dalle 6:00 alle 22:00. Con una valutazione di 5 su 5 e oltre 275 recensioni su TripAdvisor, lo Sky View Restaurant &amp; Bar \u00e8 altamente raccomandato dai visitatori per la sua fantastica vista e l&#039;ottimo cibo.<\/p>\t\t\t\t\t\t\t\t<\/div>\n\t\t\t\t<\/div>\n\t\t\t\t<div class=\"elementor-element elementor-element-aa1e11b elementor-align-center elementor-invisible elementor-widget elementor-widget-button\" data-id=\"aa1e11b\" data-element_type=\"widget\" data-e-type=\"widget\" data-settings=\"{&quot;_animation&quot;:&quot;nussFadeInUp&quot;}\" data-widget_type=\"button.default\">\n\t\t\t\t<div class=\"elementor-widget-container\">\n\t\t\t\t\t\t\t\t\t<div class=\"elementor-button-wrapper\">\n\t\t\t\t\t<a class=\"elementor-button elementor-button-link elementor-size-sm\" href=\"https:\/\/drive.google.com\/drive\/u\/2\/folders\/1mukCIq2FztafmrwqNlFyGfY7-ro-rmnU\" target=\"_blank\" download=\"\" rel=\"noopener\">\n\t\t\t\t\t\t<span class=\"elementor-button-content-wrapper\">\n\t\t\t\t\t\t\t\t\t<span class=\"elementor-button-text\">Visualizza il menu completo<\/span>\n\t\t\t\t\t<\/span>\n\t\t\t\t\t<\/a>\n\t\t\t\t<\/div>\n\t\t\t\t\t\t\t\t<\/div>\n\t\t\t\t<\/div>\n\t\t\t\t\t<\/div>\n\t\t<\/div>\n\t\t\t\t\t<\/div>\n\t\t<\/section>\n\t\t\t\t<section class=\"elementor-section elementor-top-section elementor-element elementor-element-475d06d elementor-section-stretched elementor-section-boxed elementor-section-gap-beside-yes elementor-section-height-default elementor-section-height-default elementor-section-column-vertical-align-stretch\" data-id=\"475d06d\" data-element_type=\"section\" data-e-type=\"section\" data-settings=\"{&quot;stretch_section&quot;:&quot;section-stretched&quot;,&quot;background_background&quot;:&quot;classic&quot;}\">\n\t\t\t\t\t\t<div class=\"elementor-container elementor-column-gap-extended\">\n\t\t\t\t\t<div class=\"elementor-column elementor-col-100 elementor-top-column elementor-element elementor-element-467b203\" data-id=\"467b203\" data-element_type=\"column\" data-e-type=\"column\">\n\t\t\t<div class=\"elementor-widget-wrap elementor-element-populated\">\n\t\t\t\t\t\t<div class=\"elementor-element elementor-element-3cb8827 nuss-testimonial-style-02 layout-image-top align-center bullets-v-align-below elementor-invisible elementor-widget elementor-widget-nuss-testimonial\" data-id=\"3cb8827\" data-element_type=\"widget\" data-e-type=\"widget\" data-settings=\"{&quot;_animation&quot;:&quot;nussFadeInUp&quot;}\" data-widget_type=\"nuss-testimonial.default\">\n\t\t\t\t<div class=\"elementor-widget-container\">\n\t\t\t\t\t\r\n\t\t<div  class=\"nuss-swiper nuss-slider-widget nav-style-03 nav-show-always pagination-style-01 bullets-horizontal bullets-h-align-center bullets-v-align-below\" data-lg-items=\"1\" data-lg-gutter=\"30\" data-nav=\"1\" data-nav-aligned-by=\"slider\" data-pagination-aligned-by=\"slider\" data-pagination=\"1\" data-loop=\"1\" data-simulate-touch=\"1\" data-speed=\"1000\" data-effect=\"slide\">\r\n\t\t\t<div class=\"swiper-inner\">\r\n\r\n\t\t\t\t\r\n\t\t\t\t<div class=\"swiper-container swiper\">\r\n\t\t\t\t\t<div class=\"swiper-wrapper\">\r\n\t\t\t\t\t\t\t\t\t<div class=\"swiper-slide elementor-repeater-item-f35d393\">\r\n\t\t\t\t\t\t<div class=\"testimonial-item\">\r\n\r\n\t\t\t\t\t\t\t\t\t<div class=\"image\">\r\n\t\t\t<img decoding=\"async\"  src=\"https:\/\/chaulonghotel.com.vn\/wp-content\/uploads\/2021\/06\/icon-tripadvisor@3x-1.png\" alt=\"icona-tripadvisor@3x\" \/>\t\t<\/div>\r\n\t\t\t\t\t\r\n\t\t\t\t\t<div class=\"testimonial-main-content\">\r\n\t\t\t<div class=\"content-wrap\">\r\n\t\t\t\t\t\t\t\t\t\t\t\r\n\t\t\r\n\t\t\t\t\t<div class=\"content\">\r\n\t\t\t\t\r\n\t\t\t\t\r\n\t\t\t\t<div class=\"text\">\r\n\t\t\t\t\t&quot;Mike e io abbiamo adorato la cena di degustazione di vini a casa tua ieri sera. Oltre al cibo e al vino favolosi, abbiamo incontrato delle persone molto simpatiche. Ci vediamo presto!&quot;\t\t\t\t<\/div>\r\n\t\t\t<\/div>\r\n\t\t\r\n\t\t\t\t\t\t\t<div class=\"info\">\r\n\t\t\t\r\n\t\t\t<div class=\"cite\"><h4 class=\"name\">Caterina Kastner<\/h4><span class=\"position\">San Diego, California<\/span><\/div>\t\t<\/div>\r\n\t\t\t\t\r\n\t\t\t\t\t\t\t\t\t<\/div>\r\n\t\t<\/div>\r\n\t\t\t\t<\/div>\r\n\t\t\t\t\t<\/div>\r\n\t\t\t\t\t<div class=\"swiper-slide elementor-repeater-item-2ee4d5e\">\r\n\t\t\t\t\t\t<div class=\"testimonial-item\">\r\n\r\n\t\t\t\t\t\t\t\t\t<div class=\"image\">\r\n\t\t\t<img decoding=\"async\"  src=\"https:\/\/chaulonghotel.com.vn\/wp-content\/uploads\/2021\/06\/icon-tripadvisor@3x-1.png\" alt=\"icona-tripadvisor@3x\" \/>\t\t<\/div>\r\n\t\t\t\t\t\r\n\t\t\t\t\t<div class=\"testimonial-main-content\">\r\n\t\t\t<div class=\"content-wrap\">\r\n\t\t\t\t\t\t\t\t\t\t\t\r\n\t\t\r\n\t\t\t\t\t<div class=\"content\">\r\n\t\t\t\t\r\n\t\t\t\t\r\n\t\t\t\t<div class=\"text\">\r\n\t\t\t\t\t&quot;Grazie per la cena di ieri sera. \u00c8 stata fantastica!! Devo dire che \u00e8 il pasto migliore che abbia mai fatto da un po&#039; di tempo. Mi vedrai sicuramente mangiare di pi\u00f9 nel tuo locale.&quot;\t\t\t\t<\/div>\r\n\t\t\t<\/div>\r\n\t\t\r\n\t\t\t\t\t\t\t<div class=\"info\">\r\n\t\t\t\r\n\t\t\t<div class=\"cite\"><h4 class=\"name\">Kevin Kay<\/h4><span class=\"position\">San Diego, California<\/span><\/div>\t\t<\/div>\r\n\t\t\t\t\r\n\t\t\t\t\t\t\t\t\t<\/div>\r\n\t\t<\/div>\r\n\t\t\t\t<\/div>\r\n\t\t\t\t\t<\/div>\r\n\t\t\t\t\t<div class=\"swiper-slide elementor-repeater-item-5d4a186\">\r\n\t\t\t\t\t\t<div class=\"testimonial-item\">\r\n\r\n\t\t\t\t\t\t\t\t\t<div class=\"image\">\r\n\t\t\t<img decoding=\"async\"  src=\"https:\/\/chaulonghotel.com.vn\/wp-content\/uploads\/2021\/06\/icon-tripadvisor@3x-1.png\" alt=\"icona-tripadvisor@3x\" \/>\t\t<\/div>\r\n\t\t\t\t\t\r\n\t\t\t\t\t<div class=\"testimonial-main-content\">\r\n\t\t\t<div class=\"content-wrap\">\r\n\t\t\t\t\t\t\t\t\t\t\t\r\n\t\t\r\n\t\t\t\t\t<div class=\"content\">\r\n\t\t\t\t\r\n\t\t\t\t\r\n\t\t\t\t<div class=\"text\">\r\n\t\t\t\t\t&quot;Vorrei sapere se \u00e8 possibile inserire quartieri, il mio annuncio \u00e8 solo per una citt\u00e0 specifica e voglio che gli utenti trovino i luoghi in base ai quartieri&quot;\t\t\t\t<\/div>\r\n\t\t\t<\/div>\r\n\t\t\r\n\t\t\t\t\t\t\t<div class=\"info\">\r\n\t\t\t\r\n\t\t\t<div class=\"cite\"><h4 class=\"name\">Caterina Kastner<\/h4><span class=\"position\">San Diego, California<\/span><\/div>\t\t<\/div>\r\n\t\t\t\t\r\n\t\t\t\t\t\t\t\t\t<\/div>\r\n\t\t<\/div>\r\n\t\t\t\t<\/div>\r\n\t\t\t\t\t<\/div>\r\n\t\t\t\t\t\t\t<\/div>\r\n\t\t\t\t<\/div>\r\n\r\n\t\t\t\t\r\n\t\t\t<\/div>\r\n\t\t<\/div>\r\n\t\t\t\t\t\t<\/div>\n\t\t\t\t<\/div>\n\t\t\t\t\t<\/div>\n\t\t<\/div>\n\t\t\t\t\t<\/div>\n\t\t<\/section>\n\t\t<div class=\"elementor-element elementor-element-e18f855 e-flex e-con-boxed e-con e-parent\" data-id=\"e18f855\" data-element_type=\"container\" data-e-type=\"container\">\n\t\t\t\t\t<div class=\"e-con-inner\">\n\t\t\t\t<div class=\"elementor-element elementor-element-0052cb3 elementor-widget elementor-widget-text-editor\" data-id=\"0052cb3\" data-element_type=\"widget\" data-e-type=\"widget\" data-widget_type=\"text-editor.default\">\n\t\t\t\t<div class=\"elementor-widget-container\">\n\t\t\t\t\t\t\t\t\t<div data-gyg-widget=\"auto\" data-gyg-partner-id=\"1HQ2Z79\" data-gyg-cmp=\"sapa\"><\/div>\t\t\t\t\t\t\t\t<\/div>\n\t\t\t\t<\/div>\n\t\t\t\t\t<\/div>\n\t\t\t\t<\/div>\n\t\t<div class=\"elementor-element elementor-element-7e57baae e-flex e-con-boxed e-con e-parent\" data-id=\"7e57baae\" data-element_type=\"container\" data-e-type=\"container\">\n\t\t\t\t\t<div class=\"e-con-inner\">\n\t\t\t\t<div class=\"elementor-element elementor-element-c6b4cb4 elementor-widget elementor-widget-text-editor\" data-id=\"c6b4cb4\" data-element_type=\"widget\" data-e-type=\"widget\" data-widget_type=\"text-editor.default\">\n\t\t\t\t<div class=\"elementor-widget-container\">\n\t\t\t\t\t\t\t\t\t<div data-vi-partner-id=\"P00110332\" data-vi-widget-ref=\"W-a05fcc42-f4c4-4cbe-a785-0ee940ecc542\" ><\/div>\n<script async src=\"https:\/\/www.viator.com\/orion\/partner\/widget.js\"><\/script>\t\t\t\t\t\t\t\t<\/div>\n\t\t\t\t<\/div>\n\t\t\t\t\t<\/div>\n\t\t\t\t<\/div>\n\t\t\t\t<\/div>","protected":false},"excerpt":{"rendered":"<p>Sky View Restaurant &amp; Bar is a luxurious dining destination located on the rooftop of Chau Long Hotel in Sapa, Vietnam. The restaurant offers a unique space for diners to enjoy delicious Vietnamese and Western cuisines while taking in the spectacular views of the Hoang Lien Son Mountains and Muong Hoa Valley. Opening Dates Monday [&hellip;]<\/p>\n","protected":false},"author":1,"featured_media":0,"parent":0,"menu_order":0,"comment_status":"closed","ping_status":"closed","template":"","meta":{"footnotes":""},"class_list":["post-612","page","type-page","status-publish","hentry","post-no-thumbnail"],"_links":{"self":[{"href":"https:\/\/chaulonghotel.com.vn\/it\/wp-json\/wp\/v2\/pages\/612","targetHints":{"allow":["GET"]}}],"collection":[{"href":"https:\/\/chaulonghotel.com.vn\/it\/wp-json\/wp\/v2\/pages"}],"about":[{"href":"https:\/\/chaulonghotel.com.vn\/it\/wp-json\/wp\/v2\/types\/page"}],"author":[{"embeddable":true,"href":"https:\/\/chaulonghotel.com.vn\/it\/wp-json\/wp\/v2\/users\/1"}],"replies":[{"embeddable":true,"href":"https:\/\/chaulonghotel.com.vn\/it\/wp-json\/wp\/v2\/comments?post=612"}],"version-history":[{"count":38,"href":"https:\/\/chaulonghotel.com.vn\/it\/wp-json\/wp\/v2\/pages\/612\/revisions"}],"predecessor-version":[{"id":6061,"href":"https:\/\/chaulonghotel.com.vn\/it\/wp-json\/wp\/v2\/pages\/612\/revisions\/6061"}],"wp:attachment":[{"href":"https:\/\/chaulonghotel.com.vn\/it\/wp-json\/wp\/v2\/media?parent=612"}],"curies":[{"name":"wp","href":"https:\/\/api.w.org\/{rel}","templated":true}]}}