{"id":612,"date":"2021-03-26T10:04:13","date_gmt":"2021-03-26T10:04:13","guid":{"rendered":"http:\/\/localhost\/nuss\/?page_id=612"},"modified":"2024-10-05T04:24:35","modified_gmt":"2024-10-05T04:24:35","slug":"restaurante","status":"publish","type":"page","link":"https:\/\/chaulonghotel.com.vn\/es\/restaurant\/","title":{"rendered":"Restaurante"},"content":{"rendered":"<div data-elementor-type=\"wp-page\" data-elementor-id=\"612\" class=\"elementor elementor-612\">\n\t\t\t\t\t\t<section class=\"elementor-section elementor-top-section elementor-element elementor-element-e2effe8 elementor-section-boxed elementor-section-gap-beside-yes elementor-section-height-default elementor-section-height-default elementor-section-column-vertical-align-stretch\" data-id=\"e2effe8\" data-element_type=\"section\" data-e-type=\"section\">\n\t\t\t\t\t\t<div class=\"elementor-container elementor-column-gap-extended\">\n\t\t\t\t\t<div class=\"elementor-column elementor-col-100 elementor-top-column elementor-element elementor-element-e18f688\" data-id=\"e18f688\" data-element_type=\"column\" data-e-type=\"column\">\n\t\t\t<div class=\"elementor-widget-wrap elementor-element-populated\">\n\t\t\t\t\t\t<div class=\"elementor-element elementor-element-d3be973 elementor-widget elementor-widget-image\" data-id=\"d3be973\" data-element_type=\"widget\" data-e-type=\"widget\" data-widget_type=\"image.default\">\n\t\t\t\t<div class=\"elementor-widget-container\">\n\t\t\t\t\t\t\t\t\t\t\t\t\t\t\t<img fetchpriority=\"high\" decoding=\"async\" width=\"500\" height=\"500\" src=\"https:\/\/chaulonghotel.com.vn\/wp-content\/uploads\/2023\/11\/skyview-restaurant.png\" class=\"attachment-large size-large wp-image-5841\" alt=\"\" srcset=\"https:\/\/chaulonghotel.com.vn\/wp-content\/uploads\/2023\/11\/skyview-restaurant.png 500w, https:\/\/chaulonghotel.com.vn\/wp-content\/uploads\/2023\/11\/skyview-restaurant-300x300.png 300w, https:\/\/chaulonghotel.com.vn\/wp-content\/uploads\/2023\/11\/skyview-restaurant-150x150.png 150w\" sizes=\"(max-width: 500px) 100vw, 500px\" \/>\t\t\t\t\t\t\t\t\t\t\t\t\t\t\t<\/div>\n\t\t\t\t<\/div>\n\t\t\t\t<div class=\"elementor-element elementor-element-6db146d elementor-widget__width-initial elementor-invisible elementor-widget elementor-widget-text-editor\" data-id=\"6db146d\" data-element_type=\"widget\" data-e-type=\"widget\" data-settings=\"{&quot;_animation&quot;:&quot;nussFadeInUp&quot;}\" data-widget_type=\"text-editor.default\">\n\t\t\t\t<div class=\"elementor-widget-container\">\n\t\t\t\t\t\t\t\t\t<p>Sky View Restaurant &amp; Bar es un lujoso restaurante ubicado en la azotea del hotel Chau Long en Sapa, Vietnam. El restaurante ofrece un espacio \u00fanico para que los comensales disfruten de deliciosas cocinas vietnamitas y occidentales mientras admiran las espectaculares vistas de las monta\u00f1as Hoang Lien Son y el valle de Muong Hoa.<\/p>\t\t\t\t\t\t\t\t<\/div>\n\t\t\t\t<\/div>\n\t\t\t\t<section class=\"elementor-section elementor-inner-section elementor-element elementor-element-d08fceb elementor-section-boxed elementor-section-gap-beside-yes elementor-section-height-default elementor-section-height-default elementor-section-content-align-center elementor-section-column-vertical-align-stretch\" data-id=\"d08fceb\" data-element_type=\"section\" data-e-type=\"section\">\n\t\t\t\t\t\t<div class=\"elementor-container elementor-column-gap-extended\">\n\t\t\t\t\t<div class=\"elementor-column elementor-col-33 elementor-inner-column elementor-element elementor-element-1e36eb4 elementor-invisible\" data-id=\"1e36eb4\" data-element_type=\"column\" data-e-type=\"column\" data-settings=\"{&quot;animation&quot;:&quot;nussFadeInUp&quot;}\">\n\t\t\t<div class=\"elementor-widget-wrap elementor-element-populated\">\n\t\t\t\t\t\t<div class=\"elementor-element elementor-element-1422adb elementor-widget elementor-widget-heading\" data-id=\"1422adb\" data-element_type=\"widget\" data-e-type=\"widget\" data-widget_type=\"heading.default\">\n\t\t\t\t<div class=\"elementor-widget-container\">\n\t\t\t\t\t<p class=\"elementor-heading-title elementor-size-default\">Fechas de apertura<\/p>\t\t\t\t<\/div>\n\t\t\t\t<\/div>\n\t\t\t\t<div class=\"elementor-element elementor-element-e2e67bd elementor-widget elementor-widget-text-editor\" data-id=\"e2e67bd\" data-element_type=\"widget\" data-e-type=\"widget\" data-widget_type=\"text-editor.default\">\n\t\t\t\t<div class=\"elementor-widget-container\">\n\t\t\t\t\t\t\t\t\t<p>Lunes \u2013 Domingo<\/p>\t\t\t\t\t\t\t\t<\/div>\n\t\t\t\t<\/div>\n\t\t\t\t\t<\/div>\n\t\t<\/div>\n\t\t\t\t<div class=\"elementor-column elementor-col-33 elementor-inner-column elementor-element elementor-element-8d103af elementor-invisible\" data-id=\"8d103af\" data-element_type=\"column\" data-e-type=\"column\" data-settings=\"{&quot;animation&quot;:&quot;nussFadeInUp&quot;}\">\n\t\t\t<div class=\"elementor-widget-wrap elementor-element-populated\">\n\t\t\t\t\t\t<div class=\"elementor-element elementor-element-8befa1c elementor-widget elementor-widget-heading\" data-id=\"8befa1c\" data-element_type=\"widget\" data-e-type=\"widget\" data-widget_type=\"heading.default\">\n\t\t\t\t<div class=\"elementor-widget-container\">\n\t\t\t\t\t<p class=\"elementor-heading-title elementor-size-default\">Horario de apertura<\/p>\t\t\t\t<\/div>\n\t\t\t\t<\/div>\n\t\t\t\t<div class=\"elementor-element elementor-element-014b340 elementor-widget elementor-widget-text-editor\" data-id=\"014b340\" data-element_type=\"widget\" data-e-type=\"widget\" data-widget_type=\"text-editor.default\">\n\t\t\t\t<div class=\"elementor-widget-container\">\n\t\t\t\t\t\t\t\t\t<p>06:00 am \u2013 22:00 pm<\/p>\t\t\t\t\t\t\t\t<\/div>\n\t\t\t\t<\/div>\n\t\t\t\t\t<\/div>\n\t\t<\/div>\n\t\t\t\t<div class=\"elementor-column elementor-col-33 elementor-inner-column elementor-element elementor-element-810ea81 elementor-invisible\" data-id=\"810ea81\" data-element_type=\"column\" data-e-type=\"column\" data-settings=\"{&quot;animation&quot;:&quot;nussFadeInUp&quot;}\">\n\t\t\t<div class=\"elementor-widget-wrap elementor-element-populated\">\n\t\t\t\t\t\t<div class=\"elementor-element elementor-element-29811b5 elementor-widget elementor-widget-heading\" data-id=\"29811b5\" data-element_type=\"widget\" data-e-type=\"widget\" data-widget_type=\"heading.default\">\n\t\t\t\t<div class=\"elementor-widget-container\">\n\t\t\t\t\t<p class=\"elementor-heading-title elementor-size-default\">Gama de precios<\/p>\t\t\t\t<\/div>\n\t\t\t\t<\/div>\n\t\t\t\t<div class=\"elementor-element elementor-element-555139f elementor-widget elementor-widget-text-editor\" data-id=\"555139f\" data-element_type=\"widget\" data-e-type=\"widget\" data-widget_type=\"text-editor.default\">\n\t\t\t\t<div class=\"elementor-widget-container\">\n\t\t\t\t\t\t\t\t\t<p>$$- $$$<\/p>\t\t\t\t\t\t\t\t<\/div>\n\t\t\t\t<\/div>\n\t\t\t\t\t<\/div>\n\t\t<\/div>\n\t\t\t\t\t<\/div>\n\t\t<\/section>\n\t\t\t\t<div class=\"elementor-element elementor-element-07a903d elementor-align-center elementor-invisible elementor-widget elementor-widget-button\" data-id=\"07a903d\" data-element_type=\"widget\" data-e-type=\"widget\" data-settings=\"{&quot;_animation&quot;:&quot;nussFadeInUp&quot;}\" data-widget_type=\"button.default\">\n\t\t\t\t<div class=\"elementor-widget-container\">\n\t\t\t\t\t\t\t\t\t<div class=\"elementor-button-wrapper\">\n\t\t\t\t\t<a class=\"elementor-button elementor-button-link elementor-size-sm\" href=\"tel:(+84)%20214%203871%20245\">\n\t\t\t\t\t\t<span class=\"elementor-button-content-wrapper\">\n\t\t\t\t\t\t\t\t\t<span class=\"elementor-button-text\">Reservar una mesa<\/span>\n\t\t\t\t\t<\/span>\n\t\t\t\t\t<\/a>\n\t\t\t\t<\/div>\n\t\t\t\t\t\t\t\t<\/div>\n\t\t\t\t<\/div>\n\t\t\t\t\t<\/div>\n\t\t<\/div>\n\t\t\t\t\t<\/div>\n\t\t<\/section>\n\t\t\t\t<section class=\"elementor-section elementor-top-section elementor-element elementor-element-efdaa11 elementor-section-boxed elementor-section-gap-beside-yes elementor-section-height-default elementor-section-height-default elementor-section-column-vertical-align-stretch\" data-id=\"efdaa11\" data-element_type=\"section\" data-e-type=\"section\">\n\t\t\t\t\t\t<div class=\"elementor-container elementor-column-gap-extended\">\n\t\t\t\t\t<div class=\"elementor-column elementor-col-100 elementor-top-column elementor-element elementor-element-3a1e86a\" data-id=\"3a1e86a\" data-element_type=\"column\" data-e-type=\"column\">\n\t\t\t<div class=\"elementor-widget-wrap elementor-element-populated\">\n\t\t\t\t\t\t<div class=\"elementor-element elementor-element-b50dde3 elementor-widget elementor-widget-gallery\" data-id=\"b50dde3\" data-element_type=\"widget\" data-e-type=\"widget\" data-widget_type=\"gallery.default\">\n\t\t\t\t<div class=\"elementor-widget-container\">\n\t\t\t\t\t \t\t\t\t<\/div>\n\t\t\t\t<\/div>\n\t\t\t\t\t<\/div>\n\t\t<\/div>\n\t\t\t\t\t<\/div>\n\t\t<\/section>\n\t\t\t\t<section class=\"elementor-section elementor-top-section elementor-element elementor-element-eaf51e7 elementor-section-boxed elementor-section-gap-beside-yes elementor-section-height-default elementor-section-height-default elementor-section-column-vertical-align-stretch\" data-id=\"eaf51e7\" data-element_type=\"section\" data-e-type=\"section\">\n\t\t\t\t\t\t<div class=\"elementor-container elementor-column-gap-extended\">\n\t\t\t\t\t<div class=\"elementor-column elementor-col-100 elementor-top-column elementor-element elementor-element-a6a1956\" data-id=\"a6a1956\" data-element_type=\"column\" data-e-type=\"column\">\n\t\t\t<div class=\"elementor-widget-wrap elementor-element-populated\">\n\t\t\t\t\t\t<div class=\"elementor-element elementor-element-d66a989 elementor-widget elementor-widget-text-editor\" data-id=\"d66a989\" data-element_type=\"widget\" data-e-type=\"widget\" data-widget_type=\"text-editor.default\">\n\t\t\t\t<div class=\"elementor-widget-container\">\n\t\t\t\t\t\t\t\t\t<p>El men\u00fa del restaurante incluye una amplia variedad de platos, como sopa thang co vietnamita, fideos agrios bac ha, pescado de r\u00edo, pescado salm\u00f3n, pizza italiana, pastas, chulet\u00f3n australiano, vino, risotto, ravioles, lasa\u00f1a, pollo, aperitivos y bebidas. El restaurante abre todos los d\u00edas de 6:00 a 22:00 horas. Con una calificaci\u00f3n de 5 sobre 5 y m\u00e1s de 275 opiniones en TripAdvisor, Sky View Restaurant &amp; Bar es muy recomendado por los visitantes por su fant\u00e1stica vista y su excelente comida.<\/p>\t\t\t\t\t\t\t\t<\/div>\n\t\t\t\t<\/div>\n\t\t\t\t<div class=\"elementor-element elementor-element-aa1e11b elementor-align-center elementor-invisible elementor-widget elementor-widget-button\" data-id=\"aa1e11b\" data-element_type=\"widget\" data-e-type=\"widget\" data-settings=\"{&quot;_animation&quot;:&quot;nussFadeInUp&quot;}\" data-widget_type=\"button.default\">\n\t\t\t\t<div class=\"elementor-widget-container\">\n\t\t\t\t\t\t\t\t\t<div class=\"elementor-button-wrapper\">\n\t\t\t\t\t<a class=\"elementor-button elementor-button-link elementor-size-sm\" href=\"https:\/\/drive.google.com\/drive\/u\/2\/folders\/1mukCIq2FztafmrwqNlFyGfY7-ro-rmnU\" target=\"_blank\" download=\"\" rel=\"noopener\">\n\t\t\t\t\t\t<span class=\"elementor-button-content-wrapper\">\n\t\t\t\t\t\t\t\t\t<span class=\"elementor-button-text\">Ver el men\u00fa completo<\/span>\n\t\t\t\t\t<\/span>\n\t\t\t\t\t<\/a>\n\t\t\t\t<\/div>\n\t\t\t\t\t\t\t\t<\/div>\n\t\t\t\t<\/div>\n\t\t\t\t\t<\/div>\n\t\t<\/div>\n\t\t\t\t\t<\/div>\n\t\t<\/section>\n\t\t\t\t<section class=\"elementor-section elementor-top-section elementor-element elementor-element-475d06d elementor-section-stretched elementor-section-boxed elementor-section-gap-beside-yes elementor-section-height-default elementor-section-height-default elementor-section-column-vertical-align-stretch\" data-id=\"475d06d\" data-element_type=\"section\" data-e-type=\"section\" data-settings=\"{&quot;stretch_section&quot;:&quot;section-stretched&quot;,&quot;background_background&quot;:&quot;classic&quot;}\">\n\t\t\t\t\t\t<div class=\"elementor-container elementor-column-gap-extended\">\n\t\t\t\t\t<div class=\"elementor-column elementor-col-100 elementor-top-column elementor-element elementor-element-467b203\" data-id=\"467b203\" data-element_type=\"column\" data-e-type=\"column\">\n\t\t\t<div class=\"elementor-widget-wrap elementor-element-populated\">\n\t\t\t\t\t\t<div class=\"elementor-element elementor-element-3cb8827 nuss-testimonial-style-02 layout-image-top align-center bullets-v-align-below elementor-invisible elementor-widget elementor-widget-nuss-testimonial\" data-id=\"3cb8827\" data-element_type=\"widget\" data-e-type=\"widget\" data-settings=\"{&quot;_animation&quot;:&quot;nussFadeInUp&quot;}\" data-widget_type=\"nuss-testimonial.default\">\n\t\t\t\t<div class=\"elementor-widget-container\">\n\t\t\t\t\t\r\n\t\t<div  class=\"nuss-swiper nuss-slider-widget nav-style-03 nav-show-always pagination-style-01 bullets-horizontal bullets-h-align-center bullets-v-align-below\" data-lg-items=\"1\" data-lg-gutter=\"30\" data-nav=\"1\" data-nav-aligned-by=\"slider\" data-pagination-aligned-by=\"slider\" data-pagination=\"1\" data-loop=\"1\" data-simulate-touch=\"1\" data-speed=\"1000\" data-effect=\"slide\">\r\n\t\t\t<div class=\"swiper-inner\">\r\n\r\n\t\t\t\t\r\n\t\t\t\t<div class=\"swiper-container swiper\">\r\n\t\t\t\t\t<div class=\"swiper-wrapper\">\r\n\t\t\t\t\t\t\t\t\t<div class=\"swiper-slide elementor-repeater-item-f35d393\">\r\n\t\t\t\t\t\t<div class=\"testimonial-item\">\r\n\r\n\t\t\t\t\t\t\t\t\t<div class=\"image\">\r\n\t\t\t<img decoding=\"async\"  src=\"https:\/\/chaulonghotel.com.vn\/wp-content\/uploads\/2021\/06\/icon-tripadvisor@3x-1.png\" alt=\"icono-tripadvisor@3x\" \/>\t\t<\/div>\r\n\t\t\t\t\t\r\n\t\t\t\t\t<div class=\"testimonial-main-content\">\r\n\t\t\t<div class=\"content-wrap\">\r\n\t\t\t\t\t\t\t\t\t\t\t\r\n\t\t\r\n\t\t\t\t\t<div class=\"content\">\r\n\t\t\t\t\r\n\t\t\t\t\r\n\t\t\t\t<div class=\"text\">\r\n\t\t\t\t\t&quot;A Mike y a m\u00ed nos encant\u00f3 la cena de cata de vinos que tuvimos anoche en tu casa. Adem\u00e1s de la comida y el vino fabulosos, conocimos a gente muy agradable. \u00a1Nos vemos pronto!&quot;\t\t\t\t<\/div>\r\n\t\t\t<\/div>\r\n\t\t\r\n\t\t\t\t\t\t\t<div class=\"info\">\r\n\t\t\t\r\n\t\t\t<div class=\"cite\"><h4 class=\"name\">Catalina Kastner<\/h4><span class=\"position\">San Diego, California<\/span><\/div>\t\t<\/div>\r\n\t\t\t\t\r\n\t\t\t\t\t\t\t\t\t<\/div>\r\n\t\t<\/div>\r\n\t\t\t\t<\/div>\r\n\t\t\t\t\t<\/div>\r\n\t\t\t\t\t<div class=\"swiper-slide elementor-repeater-item-2ee4d5e\">\r\n\t\t\t\t\t\t<div class=\"testimonial-item\">\r\n\r\n\t\t\t\t\t\t\t\t\t<div class=\"image\">\r\n\t\t\t<img decoding=\"async\"  src=\"https:\/\/chaulonghotel.com.vn\/wp-content\/uploads\/2021\/06\/icon-tripadvisor@3x-1.png\" alt=\"icono-tripadvisor@3x\" \/>\t\t<\/div>\r\n\t\t\t\t\t\r\n\t\t\t\t\t<div class=\"testimonial-main-content\">\r\n\t\t\t<div class=\"content-wrap\">\r\n\t\t\t\t\t\t\t\t\t\t\t\r\n\t\t\r\n\t\t\t\t\t<div class=\"content\">\r\n\t\t\t\t\r\n\t\t\t\t\r\n\t\t\t\t<div class=\"text\">\r\n\t\t\t\t\t&quot;Gracias por la cena de anoche. \u00a1Fue incre\u00edble! Tengo que decir que fue la mejor comida que he tenido en mucho tiempo. Definitivamente me ver\u00e1n comer m\u00e1s en su establecimiento&quot;.\t\t\t\t<\/div>\r\n\t\t\t<\/div>\r\n\t\t\r\n\t\t\t\t\t\t\t<div class=\"info\">\r\n\t\t\t\r\n\t\t\t<div class=\"cite\"><h4 class=\"name\">Kevin Kay<\/h4><span class=\"position\">San Diego, California<\/span><\/div>\t\t<\/div>\r\n\t\t\t\t\r\n\t\t\t\t\t\t\t\t\t<\/div>\r\n\t\t<\/div>\r\n\t\t\t\t<\/div>\r\n\t\t\t\t\t<\/div>\r\n\t\t\t\t\t<div class=\"swiper-slide elementor-repeater-item-5d4a186\">\r\n\t\t\t\t\t\t<div class=\"testimonial-item\">\r\n\r\n\t\t\t\t\t\t\t\t\t<div class=\"image\">\r\n\t\t\t<img decoding=\"async\"  src=\"https:\/\/chaulonghotel.com.vn\/wp-content\/uploads\/2021\/06\/icon-tripadvisor@3x-1.png\" alt=\"icono-tripadvisor@3x\" \/>\t\t<\/div>\r\n\t\t\t\t\t\r\n\t\t\t\t\t<div class=\"testimonial-main-content\">\r\n\t\t\t<div class=\"content-wrap\">\r\n\t\t\t\t\t\t\t\t\t\t\t\r\n\t\t\r\n\t\t\t\t\t<div class=\"content\">\r\n\t\t\t\t\r\n\t\t\t\t\r\n\t\t\t\t<div class=\"text\">\r\n\t\t\t\t\t\u201cMe gustar\u00eda saber si es posible colocar barrios, mi listado es solo para una ciudad en espec\u00edfico, y quiero que los usuarios encuentren lugares por barrios\u201d\t\t\t\t<\/div>\r\n\t\t\t<\/div>\r\n\t\t\r\n\t\t\t\t\t\t\t<div class=\"info\">\r\n\t\t\t\r\n\t\t\t<div class=\"cite\"><h4 class=\"name\">Catalina Kastner<\/h4><span class=\"position\">San Diego, California<\/span><\/div>\t\t<\/div>\r\n\t\t\t\t\r\n\t\t\t\t\t\t\t\t\t<\/div>\r\n\t\t<\/div>\r\n\t\t\t\t<\/div>\r\n\t\t\t\t\t<\/div>\r\n\t\t\t\t\t\t\t<\/div>\r\n\t\t\t\t<\/div>\r\n\r\n\t\t\t\t\r\n\t\t\t<\/div>\r\n\t\t<\/div>\r\n\t\t\t\t\t\t<\/div>\n\t\t\t\t<\/div>\n\t\t\t\t\t<\/div>\n\t\t<\/div>\n\t\t\t\t\t<\/div>\n\t\t<\/section>\n\t\t<div class=\"elementor-element elementor-element-e18f855 e-flex e-con-boxed e-con e-parent\" data-id=\"e18f855\" data-element_type=\"container\" data-e-type=\"container\">\n\t\t\t\t\t<div class=\"e-con-inner\">\n\t\t\t\t<div class=\"elementor-element elementor-element-0052cb3 elementor-widget elementor-widget-text-editor\" data-id=\"0052cb3\" data-element_type=\"widget\" data-e-type=\"widget\" data-widget_type=\"text-editor.default\">\n\t\t\t\t<div class=\"elementor-widget-container\">\n\t\t\t\t\t\t\t\t\t<div data-gyg-widget=\"auto\" data-gyg-partner-id=\"1HQ2Z79\" data-gyg-cmp=\"sapa\"><\/div>\t\t\t\t\t\t\t\t<\/div>\n\t\t\t\t<\/div>\n\t\t\t\t\t<\/div>\n\t\t\t\t<\/div>\n\t\t<div class=\"elementor-element elementor-element-7e57baae e-flex e-con-boxed e-con e-parent\" data-id=\"7e57baae\" data-element_type=\"container\" data-e-type=\"container\">\n\t\t\t\t\t<div class=\"e-con-inner\">\n\t\t\t\t<div class=\"elementor-element elementor-element-c6b4cb4 elementor-widget elementor-widget-text-editor\" data-id=\"c6b4cb4\" data-element_type=\"widget\" data-e-type=\"widget\" data-widget_type=\"text-editor.default\">\n\t\t\t\t<div class=\"elementor-widget-container\">\n\t\t\t\t\t\t\t\t\t<div data-vi-partner-id=\"P00110332\" data-vi-widget-ref=\"W-a05fcc42-f4c4-4cbe-a785-0ee940ecc542\" ><\/div>\n<script async src=\"https:\/\/www.viator.com\/orion\/partner\/widget.js\"><\/script>\t\t\t\t\t\t\t\t<\/div>\n\t\t\t\t<\/div>\n\t\t\t\t\t<\/div>\n\t\t\t\t<\/div>\n\t\t\t\t<\/div>","protected":false},"excerpt":{"rendered":"<p>Sky View Restaurant &amp; Bar is a luxurious dining destination located on the rooftop of Chau Long Hotel in Sapa, Vietnam. The restaurant offers a unique space for diners to enjoy delicious Vietnamese and Western cuisines while taking in the spectacular views of the Hoang Lien Son Mountains and Muong Hoa Valley. Opening Dates Monday [&hellip;]<\/p>\n","protected":false},"author":1,"featured_media":0,"parent":0,"menu_order":0,"comment_status":"closed","ping_status":"closed","template":"","meta":{"footnotes":""},"class_list":["post-612","page","type-page","status-publish","hentry","post-no-thumbnail"],"_links":{"self":[{"href":"https:\/\/chaulonghotel.com.vn\/es\/wp-json\/wp\/v2\/pages\/612","targetHints":{"allow":["GET"]}}],"collection":[{"href":"https:\/\/chaulonghotel.com.vn\/es\/wp-json\/wp\/v2\/pages"}],"about":[{"href":"https:\/\/chaulonghotel.com.vn\/es\/wp-json\/wp\/v2\/types\/page"}],"author":[{"embeddable":true,"href":"https:\/\/chaulonghotel.com.vn\/es\/wp-json\/wp\/v2\/users\/1"}],"replies":[{"embeddable":true,"href":"https:\/\/chaulonghotel.com.vn\/es\/wp-json\/wp\/v2\/comments?post=612"}],"version-history":[{"count":38,"href":"https:\/\/chaulonghotel.com.vn\/es\/wp-json\/wp\/v2\/pages\/612\/revisions"}],"predecessor-version":[{"id":6061,"href":"https:\/\/chaulonghotel.com.vn\/es\/wp-json\/wp\/v2\/pages\/612\/revisions\/6061"}],"wp:attachment":[{"href":"https:\/\/chaulonghotel.com.vn\/es\/wp-json\/wp\/v2\/media?parent=612"}],"curies":[{"name":"wp","href":"https:\/\/api.w.org\/{rel}","templated":true}]}}