{"id":2106,"date":"2021-03-25T04:08:26","date_gmt":"2021-03-25T04:08:26","guid":{"rendered":"http:\/\/localhost\/nuss\/?page_id=298"},"modified":"2024-10-05T04:25:02","modified_gmt":"2024-10-05T04:25:02","slug":"lage-und-anreise","status":"publish","type":"page","link":"https:\/\/chaulonghotel.com.vn\/de\/location-and-how-to-get-there\/","title":{"rendered":"Standort und Anreise"},"content":{"rendered":"<div data-elementor-type=\"wp-page\" data-elementor-id=\"2106\" class=\"elementor elementor-2106\">\n\t\t\t\t\t\t<section class=\"elementor-section elementor-top-section elementor-element elementor-element-1954ffc elementor-section-boxed elementor-section-gap-beside-yes elementor-section-height-default elementor-section-height-default elementor-section-column-vertical-align-stretch\" data-id=\"1954ffc\" data-element_type=\"section\" data-e-type=\"section\">\n\t\t\t\t\t\t<div class=\"elementor-container elementor-column-gap-extended\">\n\t\t\t\t\t<div class=\"elementor-column elementor-col-100 elementor-top-column elementor-element elementor-element-86aebc5\" data-id=\"86aebc5\" data-element_type=\"column\" data-e-type=\"column\">\n\t\t\t<div class=\"elementor-widget-wrap elementor-element-populated\">\n\t\t\t\t\t\t<div class=\"elementor-element elementor-element-11803d1 elementor-widget__width-initial elementor-invisible elementor-widget elementor-widget-text-editor\" data-id=\"11803d1\" data-element_type=\"widget\" data-e-type=\"widget\" data-settings=\"{&quot;_animation&quot;:&quot;nussFadeInUp&quot;}\" data-widget_type=\"text-editor.default\">\n\t\t\t\t<div class=\"elementor-widget-container\">\n\t\t\t\t\t\t\t\t\t<p>Wir m\u00f6chten, dass unsere G\u00e4ste w\u00e4hrend ihres Aufenthaltes bei uns etwas Besonderes erleben, denn tolle Erlebnisse schaffen tolle Erinnerungen.<\/p>\t\t\t\t\t\t\t\t<\/div>\n\t\t\t\t<\/div>\n\t\t\t\t\t<\/div>\n\t\t<\/div>\n\t\t\t\t\t<\/div>\n\t\t<\/section>\n\t\t\t\t<section class=\"elementor-section elementor-top-section elementor-element elementor-element-b2344ff elementor-section-gap-beside-no elementor-section-boxed elementor-section-height-default elementor-section-height-default elementor-section-column-vertical-align-stretch\" data-id=\"b2344ff\" data-element_type=\"section\" data-e-type=\"section\">\n\t\t\t\t\t\t<div class=\"elementor-container elementor-column-gap-extended\">\n\t\t\t\t\t<div class=\"elementor-column elementor-col-50 elementor-top-column elementor-element elementor-element-4698ec8\" data-id=\"4698ec8\" data-element_type=\"column\" data-e-type=\"column\">\n\t\t\t<div class=\"elementor-widget-wrap elementor-element-populated\">\n\t\t\t\t\t\t<div class=\"elementor-element elementor-element-88e5290 elementor-invisible nuss-elementor-loading nuss-slide-in-right elementor-widget elementor-widget-image\" data-id=\"88e5290\" data-element_type=\"widget\" data-e-type=\"widget\" data-settings=\"{&quot;_animation&quot;:&quot;nussSlideInRight&quot;}\" data-widget_type=\"image.default\">\n\t\t\t\t<div class=\"elementor-widget-container\">\n\t\t\t\t\t\t\t\t\t\t\t\t\t\t\t<img fetchpriority=\"high\" decoding=\"async\" width=\"1920\" height=\"1281\" src=\"https:\/\/chaulonghotel.com.vn\/wp-content\/uploads\/2023\/09\/7a20c7f8e622197c4033chaulong-chaulong-love-hotel-sapa.jpg\" class=\"attachment-full size-full wp-image-5578\" alt=\"\" srcset=\"https:\/\/chaulonghotel.com.vn\/wp-content\/uploads\/2023\/09\/7a20c7f8e622197c4033chaulong-chaulong-love-hotel-sapa.jpg 1920w, https:\/\/chaulonghotel.com.vn\/wp-content\/uploads\/2023\/09\/7a20c7f8e622197c4033chaulong-chaulong-love-hotel-sapa-300x200.jpg 300w, https:\/\/chaulonghotel.com.vn\/wp-content\/uploads\/2023\/09\/7a20c7f8e622197c4033chaulong-chaulong-love-hotel-sapa-1024x683.jpg 1024w, https:\/\/chaulonghotel.com.vn\/wp-content\/uploads\/2023\/09\/7a20c7f8e622197c4033chaulong-chaulong-love-hotel-sapa-768x512.jpg 768w, https:\/\/chaulonghotel.com.vn\/wp-content\/uploads\/2023\/09\/7a20c7f8e622197c4033chaulong-chaulong-love-hotel-sapa-1536x1025.jpg 1536w, https:\/\/chaulonghotel.com.vn\/wp-content\/uploads\/2023\/09\/7a20c7f8e622197c4033chaulong-chaulong-love-hotel-sapa-600x400.jpg 600w\" sizes=\"(max-width: 1920px) 100vw, 1920px\" \/>\t\t\t\t\t\t\t\t\t\t\t\t\t\t\t<\/div>\n\t\t\t\t<\/div>\n\t\t\t\t\t<\/div>\n\t\t<\/div>\n\t\t\t\t<div class=\"elementor-column elementor-col-50 elementor-top-column elementor-element elementor-element-4b9e677\" data-id=\"4b9e677\" data-element_type=\"column\" data-e-type=\"column\">\n\t\t\t<div class=\"elementor-widget-wrap elementor-element-populated\">\n\t\t\t\t\t\t<div class=\"elementor-element elementor-element-f222aa6 elementor-invisible elementor-widget elementor-widget-nuss-heading\" data-id=\"f222aa6\" data-element_type=\"widget\" data-e-type=\"widget\" data-settings=\"{&quot;_animation&quot;:&quot;nussFadeInUp&quot;}\" data-widget_type=\"nuss-heading.default\">\n\t\t\t\t<div class=\"elementor-widget-container\">\n\t\t\t\t\t\t\t<div class=\"nuss-modern-heading\">\r\n\t\t\t\r\n\t\t\t\t\t\t<div class=\"heading-primary-wrap\">\r\n\t\t\t\t<span class=\"heading-primary elementor-heading-title\">Der Standort<\/span>\t\t\t<\/div>\r\n\t\t\r\n\t\t\t\r\n\t\t\t\t\t<\/div>\r\n\t\t\t\t\t<\/div>\n\t\t\t\t<\/div>\n\t\t\t\t<div class=\"elementor-element elementor-element-bc0b7e2 elementor-invisible elementor-widget elementor-widget-text-editor\" data-id=\"bc0b7e2\" data-element_type=\"widget\" data-e-type=\"widget\" data-settings=\"{&quot;_animation&quot;:&quot;nussFadeInUp&quot;}\" data-widget_type=\"text-editor.default\">\n\t\t\t\t<div class=\"elementor-widget-container\">\n\t\t\t\t\t\t\t\t\t<p>Das Chau Long Sapa Hotel ist ein einzigartiges Hotel in der malerischen Stadt Sapa in Vietnam. Das Hotel wurde im Stil eines roten Steinschlosses erbaut und liegt in einer ruhigen Seitenstra\u00dfe. Es bietet G\u00e4sten einen ruhigen R\u00fcckzugsort vom gesch\u00e4ftigen Stadtzentrum. Seine erstklassige Lage bietet einen atemberaubenden Blick auf die Hoang Lien-Bergkette, die oft in Wolken geh\u00fcllt ist, und einen Aussichtspunkt, um den Fansipan-Berg, den h\u00f6chsten Gipfel Indochinas, zu bewundern. Die N\u00e4he des Hotels zum Sapa-Markt und zur \u00f6rtlichen Kirche erm\u00f6glicht eine bequeme Erkundung der lebendigen Kultur der Stadt und der farbenfrohen Traditionen der Bergv\u00f6lker. Mit seiner einzigartigen Architektur und atemberaubenden Umgebung verspricht das Chau Long Sapa Hotel einen unvergesslichen Aufenthalt im Herzen der vietnamesischen Bergregion.<\/p>\t\t\t\t\t\t\t\t<\/div>\n\t\t\t\t<\/div>\n\t\t\t\t\t<\/div>\n\t\t<\/div>\n\t\t\t\t\t<\/div>\n\t\t<\/section>\n\t\t\t\t<section class=\"elementor-section elementor-top-section elementor-element elementor-element-575fc68 elementor-section-gap-beside-no elementor-section-boxed elementor-section-height-default elementor-section-height-default elementor-section-column-vertical-align-stretch\" data-id=\"575fc68\" data-element_type=\"section\" data-e-type=\"section\">\n\t\t\t\t\t\t<div class=\"elementor-container elementor-column-gap-extended\">\n\t\t\t\t\t<div class=\"elementor-column elementor-col-50 elementor-top-column elementor-element elementor-element-364a6b2\" data-id=\"364a6b2\" data-element_type=\"column\" data-e-type=\"column\">\n\t\t\t<div class=\"elementor-widget-wrap elementor-element-populated\">\n\t\t\t\t\t\t<div class=\"elementor-element elementor-element-f9f80f6 elementor-invisible elementor-widget elementor-widget-nuss-heading\" data-id=\"f9f80f6\" data-element_type=\"widget\" data-e-type=\"widget\" data-settings=\"{&quot;_animation&quot;:&quot;nussFadeInUp&quot;}\" data-widget_type=\"nuss-heading.default\">\n\t\t\t\t<div class=\"elementor-widget-container\">\n\t\t\t\t\t\t\t<div class=\"nuss-modern-heading\">\r\n\t\t\t\r\n\t\t\t\t\t\t<div class=\"heading-primary-wrap\">\r\n\t\t\t\t<span class=\"heading-primary elementor-heading-title\">Wie man dorthin kommt<\/span>\t\t\t<\/div>\r\n\t\t\r\n\t\t\t\r\n\t\t\t\t\t<\/div>\r\n\t\t\t\t\t<\/div>\n\t\t\t\t<\/div>\n\t\t\t\t<div class=\"elementor-element elementor-element-ccbb94d elementor-invisible elementor-widget elementor-widget-text-editor\" data-id=\"ccbb94d\" data-element_type=\"widget\" data-e-type=\"widget\" data-settings=\"{&quot;_animation&quot;:&quot;nussFadeInUp&quot;}\" data-widget_type=\"text-editor.default\">\n\t\t\t\t<div class=\"elementor-widget-container\">\n\t\t\t\t\t\t\t\t\t<p>Um das Chau Long Sapa Hotel in Sapa, Vietnam zu erreichen, k\u00f6nnen Reisende diese detaillierten Richtlinien befolgen:<\/p><ol><li><p><strong>Von Hanoi:<\/strong><\/p><ul><li><strong>Mit dem Zug:<\/strong>\u00a0Nehmen Sie einen Nachtzug von Hanoi nach Lao Cai. Vom Bahnhof Lao Cai k\u00f6nnen Sie einen Shuttlebus oder ein Taxi f\u00fcr die etwa einst\u00fcndige Fahrt in die Stadt Sapa nehmen.<\/li><li><strong>Mit dem Bus:<\/strong>\u00a0Von Hanoi nach Sapa gibt es direkte Busverbindungen. Die Fahrt dauert etwa 5\u20136 Stunden.<\/li><\/ul><\/li><li><p><strong>In Sapa:<\/strong><\/p><ul><li>Das Hotel befindet sich in\u00a0<strong>24 Dong Loi Stra\u00dfe<\/strong>, im Herzen der Stadt Sapa.<\/li><li>Der Markt von Sapa und die \u00f6rtliche Kirche sind zu Fu\u00df erreichbar, sodass die Lage ideal ist, um die Stadt zu erkunden.<\/li><\/ul><\/li><li><p><strong>Mit dem Auto:<\/strong><\/p><ul><li>Wenn Sie mit dem Auto anreisen, verwenden Sie die GPS-Navigation, um 24 Dong Loi Street, Sapa, Lao Cai, Vietnam zu erreichen. Parkm\u00f6glichkeiten stehen am Hotel zur Verf\u00fcgung.<\/li><\/ul><\/li><li><p><strong>Lokaler Verkehr:<\/strong><\/p><ul><li>F\u00fcr lokale Besichtigungen k\u00f6nnen Sie ein Motorrad oder Fahrrad mieten oder \u00fcber das Hotel ein Auto mit Fahrer organisieren.<\/li><\/ul><\/li><\/ol><p>Denken Sie daran, vor Ihrer Reise die neuesten Reisehinweise und Wetterbedingungen zu pr\u00fcfen, da Bergstra\u00dfen je nach Jahreszeit wetterbedingt beeintr\u00e4chtigt sein k\u00f6nnen. Genie\u00dfen Sie Ihren Aufenthalt im Chau Long Sapa Hotel und die herrliche Aussicht auf die Hoang Lien-Bergkette, die es bietet.<\/p>\t\t\t\t\t\t\t\t<\/div>\n\t\t\t\t<\/div>\n\t\t\t\t\t<\/div>\n\t\t<\/div>\n\t\t\t\t<div class=\"elementor-column elementor-col-50 elementor-top-column elementor-element elementor-element-dd03a56\" data-id=\"dd03a56\" data-element_type=\"column\" data-e-type=\"column\">\n\t\t\t<div class=\"elementor-widget-wrap elementor-element-populated\">\n\t\t\t\t\t\t<div class=\"elementor-element elementor-element-78ab5be elementor-invisible nuss-elementor-loading nuss-slide-in-right elementor-widget elementor-widget-image\" data-id=\"78ab5be\" data-element_type=\"widget\" data-e-type=\"widget\" data-settings=\"{&quot;_animation&quot;:&quot;nussSlideInRight&quot;}\" data-widget_type=\"image.default\">\n\t\t\t\t<div class=\"elementor-widget-container\">\n\t\t\t\t\t\t\t\t\t\t\t\t\t\t\t<img decoding=\"async\" width=\"769\" height=\"1025\" src=\"https:\/\/chaulonghotel.com.vn\/wp-content\/uploads\/2023\/09\/aboutus.jpg\" class=\"attachment-full size-full wp-image-5518\" alt=\"\" srcset=\"https:\/\/chaulonghotel.com.vn\/wp-content\/uploads\/2023\/09\/aboutus.jpg 769w, https:\/\/chaulonghotel.com.vn\/wp-content\/uploads\/2023\/09\/aboutus-225x300.jpg 225w, https:\/\/chaulonghotel.com.vn\/wp-content\/uploads\/2023\/09\/aboutus-600x800.jpg 600w\" sizes=\"(max-width: 769px) 100vw, 769px\" \/>\t\t\t\t\t\t\t\t\t\t\t\t\t\t\t<\/div>\n\t\t\t\t<\/div>\n\t\t\t\t\t<\/div>\n\t\t<\/div>\n\t\t\t\t\t<\/div>\n\t\t<\/section>\n\t\t<div class=\"elementor-element elementor-element-2ec3830 e-flex e-con-boxed e-con e-parent\" data-id=\"2ec3830\" data-element_type=\"container\" data-e-type=\"container\">\n\t\t\t\t\t<div class=\"e-con-inner\">\n\t\t\t\t<div class=\"elementor-element elementor-element-fa4b06c elementor-widget elementor-widget-text-editor\" data-id=\"fa4b06c\" data-element_type=\"widget\" data-e-type=\"widget\" data-widget_type=\"text-editor.default\">\n\t\t\t\t<div class=\"elementor-widget-container\">\n\t\t\t\t\t\t\t\t\t<div data-gyg-widget=\"auto\" data-gyg-partner-id=\"1HQ2Z79\" data-gyg-cmp=\"sapa\"><\/div>\t\t\t\t\t\t\t\t<\/div>\n\t\t\t\t<\/div>\n\t\t\t\t\t<\/div>\n\t\t\t\t<\/div>\n\t\t<div class=\"elementor-element elementor-element-2e531fcd e-flex e-con-boxed e-con e-parent\" data-id=\"2e531fcd\" data-element_type=\"container\" data-e-type=\"container\">\n\t\t\t\t\t<div class=\"e-con-inner\">\n\t\t\t\t<div class=\"elementor-element elementor-element-7b6b6d4d elementor-widget elementor-widget-text-editor\" data-id=\"7b6b6d4d\" data-element_type=\"widget\" data-e-type=\"widget\" data-widget_type=\"text-editor.default\">\n\t\t\t\t<div class=\"elementor-widget-container\">\n\t\t\t\t\t\t\t\t\t<div data-vi-partner-id=\"P00110332\" data-vi-widget-ref=\"W-a05fcc42-f4c4-4cbe-a785-0ee940ecc542\" ><\/div>\n<script async src=\"https:\/\/www.viator.com\/orion\/partner\/widget.js\"><\/script>\t\t\t\t\t\t\t\t<\/div>\n\t\t\t\t<\/div>\n\t\t\t\t\t<\/div>\n\t\t\t\t<\/div>\n\t\t\t\t<\/div>","protected":false},"excerpt":{"rendered":"<p>We want our guests to experience something special during their stays with us, as great experiences create great memories. The location Chau Long Sapa Hotel is a distinctive establishment nestled in the picturesque town of Sapa, Vietnam. Designed to resemble a red-stone castle, the hotel is perched on a tranquil side street, offering guests a [&hellip;]<\/p>\n","protected":false},"author":1,"featured_media":0,"parent":0,"menu_order":0,"comment_status":"closed","ping_status":"closed","template":"","meta":{"footnotes":""},"class_list":["post-2106","page","type-page","status-publish","hentry","post-no-thumbnail"],"_links":{"self":[{"href":"https:\/\/chaulonghotel.com.vn\/de\/wp-json\/wp\/v2\/pages\/2106","targetHints":{"allow":["GET"]}}],"collection":[{"href":"https:\/\/chaulonghotel.com.vn\/de\/wp-json\/wp\/v2\/pages"}],"about":[{"href":"https:\/\/chaulonghotel.com.vn\/de\/wp-json\/wp\/v2\/types\/page"}],"author":[{"embeddable":true,"href":"https:\/\/chaulonghotel.com.vn\/de\/wp-json\/wp\/v2\/users\/1"}],"replies":[{"embeddable":true,"href":"https:\/\/chaulonghotel.com.vn\/de\/wp-json\/wp\/v2\/comments?post=2106"}],"version-history":[{"count":20,"href":"https:\/\/chaulonghotel.com.vn\/de\/wp-json\/wp\/v2\/pages\/2106\/revisions"}],"predecessor-version":[{"id":6065,"href":"https:\/\/chaulonghotel.com.vn\/de\/wp-json\/wp\/v2\/pages\/2106\/revisions\/6065"}],"wp:attachment":[{"href":"https:\/\/chaulonghotel.com.vn\/de\/wp-json\/wp\/v2\/media?parent=2106"}],"curies":[{"name":"wp","href":"https:\/\/api.w.org\/{rel}","templated":true}]}}